{"id":285,"date":"2017-11-07T08:48:11","date_gmt":"2017-11-07T08:48:11","guid":{"rendered":"https:\/\/www.vanstokkum.eu\/over-ons\/"},"modified":"2022-08-22T14:36:20","modified_gmt":"2022-08-22T14:36:20","slug":"a-propos-de-nous","status":"publish","type":"page","link":"https:\/\/www.vanstokkum.eu\/fr\/a-propos-de-nous\/","title":{"rendered":"\u00c0 propos de nous"},"content":{"rendered":"\n<h1 class=\"has-text-align-center wp-block-heading\">\u00c0 propos de nous<\/h1>\n\n\n\n<p class=\"has-text-align-center\">Van Stokkum litt\u00e9ralement est le support de base pour beaucoup d\u2019\u00e9v\u00e9nements dans le domaine sportif, le domaine culturel, celui de la dance et de la d\u00e9tente, sans oublier les \u00e9missions de t\u00e9l\u00e9, les f\u00eates de personnel et les rassemblements (religieux). Aux Pays-Bas, en Belgique, au Danemark et \u00e0 Monaco nous montons des loges royales.<\/p>\n\n\n\n<p class=\"has-text-align-center has-primary-color has-text-color\"><a href=\"#royal-supplier\" data-type=\"internal\" data-id=\"#royal-supplier\">Pr\u00e9dicat Fournisseur de la Cour par ordonnance Royale<\/a><br><a href=\"#logistics\">Logistique<\/a><br><a href=\"#history\">Histoire<\/a><\/p>\n\n\n\n<div class=\"wp-block-cover alignfull\"><span aria-hidden=\"true\" class=\"wp-block-cover__background has-background-dim-0 has-background-dim\"><\/span><img loading=\"lazy\" decoding=\"async\" width=\"1920\" height=\"1651\" class=\"wp-block-cover__image-background wp-image-594\" alt=\"\" src=\"http:\/\/www.vanstokkum.eu\/wp-content\/uploads\/2019\/09\/P1050542-e1567504291394.jpg\" style=\"object-position:45% 80%\" data-object-fit=\"cover\" data-object-position=\"45% 80%\" srcset=\"https:\/\/www.vanstokkum.eu\/wp-content\/uploads\/2019\/09\/P1050542-e1567504291394.jpg 1920w, https:\/\/www.vanstokkum.eu\/wp-content\/uploads\/2019\/09\/P1050542-e1567504291394-300x258.jpg 300w, https:\/\/www.vanstokkum.eu\/wp-content\/uploads\/2019\/09\/P1050542-e1567504291394-768x660.jpg 768w, https:\/\/www.vanstokkum.eu\/wp-content\/uploads\/2019\/09\/P1050542-e1567504291394-1024x881.jpg 1024w, https:\/\/www.vanstokkum.eu\/wp-content\/uploads\/2019\/09\/P1050542-e1567504291394-640x550.jpg 640w, https:\/\/www.vanstokkum.eu\/wp-content\/uploads\/2019\/09\/P1050542-e1567504291394-1200x1032.jpg 1200w\" sizes=\"auto, (max-width: 1920px) 100vw, 1920px\" \/><div class=\"wp-block-cover__inner-container is-layout-flow wp-block-cover-is-layout-flow\">\n<p class=\"has-text-align-center has-large-font-size\"><\/p>\n<\/div><\/div>\n\n\n\n<div style=\"height:100px\" aria-hidden=\"true\" id=\"royal-supplier\" class=\"wp-block-spacer\"><\/div>\n\n\n\n<h2 class=\"has-text-align-center wp-block-heading\">Pr\u00e9dicat Fournisseur de la Cour par ordonnance Royale<\/h2>\n\n\n\n<p class=\"has-text-align-center\">En d\u00e9cembre 2017, lors de la c\u00e9l\u00e9bration de notre 125 e anniversaire, nous avons \u00e9galement \u00e9t\u00e9 autoris\u00e9s \u00e0 recevoir le pr\u00e9dicat Fournisseur de la Cour par ordonnance Royale. Cette d\u00e9signation est une distinction pour les entreprises qui existent depuis au moins 100 ans et qui, entre autres, ont une place importante dans la r\u00e9gion et peuvent prouver clairement leur histoire bas\u00e9e sur des faits saillants, des rapports annuels, de la politique personnel et des affaires internationales.<\/p>\n\n\n\n<figure class=\"wp-block-image\"><img loading=\"lazy\" decoding=\"async\" width=\"250\" height=\"300\" src=\"http:\/\/www.vanstokkum.eu\/wp-content\/uploads\/2019\/08\/hofleverancier-250x300.jpeg\" alt=\"\" class=\"wp-image-521\" srcset=\"https:\/\/www.vanstokkum.eu\/wp-content\/uploads\/2019\/08\/hofleverancier-250x300.jpeg 250w, https:\/\/www.vanstokkum.eu\/wp-content\/uploads\/2019\/08\/hofleverancier-640x768.jpeg 640w, https:\/\/www.vanstokkum.eu\/wp-content\/uploads\/2019\/08\/hofleverancier.jpeg 694w\" sizes=\"auto, (max-width: 250px) 100vw, 250px\" \/><\/figure>\n\n\n\n<div style=\"height:100px\" aria-hidden=\"true\" id=\"logistics\" class=\"wp-block-spacer\"><\/div>\n\n\n\n<h2 class=\"has-text-align-center wp-block-heading\">Logistique<\/h2>\n\n\n\n<figure class=\"wp-block-gallery has-nested-images columns-default is-cropped wp-block-gallery-1 is-layout-flex wp-block-gallery-is-layout-flex\">\n<figure class=\"wp-block-image size-large\"><img loading=\"lazy\" decoding=\"async\" width=\"2592\" height=\"1936\" data-id=\"589\" src=\"http:\/\/www.vanstokkum.eu\/wp-content\/uploads\/2019\/09\/IMG_0717.jpg\" alt=\"\" class=\"wp-image-589\" srcset=\"https:\/\/www.vanstokkum.eu\/wp-content\/uploads\/2019\/09\/IMG_0717.jpg 2592w, https:\/\/www.vanstokkum.eu\/wp-content\/uploads\/2019\/09\/IMG_0717-300x224.jpg 300w, https:\/\/www.vanstokkum.eu\/wp-content\/uploads\/2019\/09\/IMG_0717-768x574.jpg 768w, https:\/\/www.vanstokkum.eu\/wp-content\/uploads\/2019\/09\/IMG_0717-1024x765.jpg 1024w, https:\/\/www.vanstokkum.eu\/wp-content\/uploads\/2019\/09\/IMG_0717-640x478.jpg 640w, https:\/\/www.vanstokkum.eu\/wp-content\/uploads\/2019\/09\/IMG_0717-1200x896.jpg 1200w, https:\/\/www.vanstokkum.eu\/wp-content\/uploads\/2019\/09\/IMG_0717-1920x1434.jpg 1920w\" sizes=\"auto, (max-width: 2592px) 100vw, 2592px\" \/><\/figure>\n\n\n\n<figure class=\"wp-block-image size-large\"><img loading=\"lazy\" decoding=\"async\" width=\"3264\" height=\"2448\" data-id=\"590\" src=\"http:\/\/www.vanstokkum.eu\/wp-content\/uploads\/2019\/09\/IMG_1922.jpg\" alt=\"\" class=\"wp-image-590\" srcset=\"https:\/\/www.vanstokkum.eu\/wp-content\/uploads\/2019\/09\/IMG_1922.jpg 3264w, https:\/\/www.vanstokkum.eu\/wp-content\/uploads\/2019\/09\/IMG_1922-300x225.jpg 300w, https:\/\/www.vanstokkum.eu\/wp-content\/uploads\/2019\/09\/IMG_1922-768x576.jpg 768w, https:\/\/www.vanstokkum.eu\/wp-content\/uploads\/2019\/09\/IMG_1922-1024x768.jpg 1024w, https:\/\/www.vanstokkum.eu\/wp-content\/uploads\/2019\/09\/IMG_1922-640x480.jpg 640w, https:\/\/www.vanstokkum.eu\/wp-content\/uploads\/2019\/09\/IMG_1922-1200x900.jpg 1200w, https:\/\/www.vanstokkum.eu\/wp-content\/uploads\/2019\/09\/IMG_1922-1920x1440.jpg 1920w\" sizes=\"auto, (max-width: 3264px) 100vw, 3264px\" \/><\/figure>\n\n\n\n<figure class=\"wp-block-image size-large\"><img loading=\"lazy\" decoding=\"async\" width=\"4032\" height=\"3024\" data-id=\"591\" src=\"http:\/\/www.vanstokkum.eu\/wp-content\/uploads\/2019\/09\/IMG_4235.jpg\" alt=\"\" class=\"wp-image-591\" srcset=\"https:\/\/www.vanstokkum.eu\/wp-content\/uploads\/2019\/09\/IMG_4235.jpg 4032w, https:\/\/www.vanstokkum.eu\/wp-content\/uploads\/2019\/09\/IMG_4235-300x225.jpg 300w, https:\/\/www.vanstokkum.eu\/wp-content\/uploads\/2019\/09\/IMG_4235-768x576.jpg 768w, https:\/\/www.vanstokkum.eu\/wp-content\/uploads\/2019\/09\/IMG_4235-1024x768.jpg 1024w, https:\/\/www.vanstokkum.eu\/wp-content\/uploads\/2019\/09\/IMG_4235-640x480.jpg 640w, https:\/\/www.vanstokkum.eu\/wp-content\/uploads\/2019\/09\/IMG_4235-1200x900.jpg 1200w, https:\/\/www.vanstokkum.eu\/wp-content\/uploads\/2019\/09\/IMG_4235-1920x1440.jpg 1920w\" sizes=\"auto, (max-width: 4032px) 100vw, 4032px\" \/><\/figure>\n\n\n\n<figure class=\"wp-block-image size-large\"><img loading=\"lazy\" decoding=\"async\" width=\"4032\" height=\"3024\" data-id=\"592\" src=\"http:\/\/www.vanstokkum.eu\/wp-content\/uploads\/2019\/09\/IMG_4831.jpg\" alt=\"\" class=\"wp-image-592\" srcset=\"https:\/\/www.vanstokkum.eu\/wp-content\/uploads\/2019\/09\/IMG_4831.jpg 4032w, https:\/\/www.vanstokkum.eu\/wp-content\/uploads\/2019\/09\/IMG_4831-300x225.jpg 300w, https:\/\/www.vanstokkum.eu\/wp-content\/uploads\/2019\/09\/IMG_4831-768x576.jpg 768w, https:\/\/www.vanstokkum.eu\/wp-content\/uploads\/2019\/09\/IMG_4831-1024x768.jpg 1024w, https:\/\/www.vanstokkum.eu\/wp-content\/uploads\/2019\/09\/IMG_4831-640x480.jpg 640w, https:\/\/www.vanstokkum.eu\/wp-content\/uploads\/2019\/09\/IMG_4831-1200x900.jpg 1200w, https:\/\/www.vanstokkum.eu\/wp-content\/uploads\/2019\/09\/IMG_4831-1920x1440.jpg 1920w\" sizes=\"auto, (max-width: 4032px) 100vw, 4032px\" \/><\/figure>\n\n\n\n<figure class=\"wp-block-image size-large\"><img loading=\"lazy\" decoding=\"async\" width=\"2064\" height=\"1161\" data-id=\"597\" src=\"http:\/\/www.vanstokkum.eu\/wp-content\/uploads\/2019\/09\/20150917_105451_resized.jpg\" alt=\"\" class=\"wp-image-597\" srcset=\"https:\/\/www.vanstokkum.eu\/wp-content\/uploads\/2019\/09\/20150917_105451_resized.jpg 2064w, https:\/\/www.vanstokkum.eu\/wp-content\/uploads\/2019\/09\/20150917_105451_resized-300x169.jpg 300w, https:\/\/www.vanstokkum.eu\/wp-content\/uploads\/2019\/09\/20150917_105451_resized-768x432.jpg 768w, https:\/\/www.vanstokkum.eu\/wp-content\/uploads\/2019\/09\/20150917_105451_resized-1024x576.jpg 1024w, https:\/\/www.vanstokkum.eu\/wp-content\/uploads\/2019\/09\/20150917_105451_resized-640x360.jpg 640w, https:\/\/www.vanstokkum.eu\/wp-content\/uploads\/2019\/09\/20150917_105451_resized-1200x675.jpg 1200w, https:\/\/www.vanstokkum.eu\/wp-content\/uploads\/2019\/09\/20150917_105451_resized-1920x1080.jpg 1920w\" sizes=\"auto, (max-width: 2064px) 100vw, 2064px\" \/><\/figure>\n\n\n\n<figure class=\"wp-block-image size-large\"><img loading=\"lazy\" decoding=\"async\" width=\"1110\" height=\"760\" data-id=\"1037\" src=\"http:\/\/www.vanstokkum.eu\/wp-content\/uploads\/2022\/08\/vrachtwagens-1.jpg\" alt=\"\" class=\"wp-image-1037\" srcset=\"https:\/\/www.vanstokkum.eu\/wp-content\/uploads\/2022\/08\/vrachtwagens-1.jpg 1110w, https:\/\/www.vanstokkum.eu\/wp-content\/uploads\/2022\/08\/vrachtwagens-1-300x205.jpg 300w, https:\/\/www.vanstokkum.eu\/wp-content\/uploads\/2022\/08\/vrachtwagens-1-1024x701.jpg 1024w, https:\/\/www.vanstokkum.eu\/wp-content\/uploads\/2022\/08\/vrachtwagens-1-768x526.jpg 768w\" sizes=\"auto, (max-width: 1110px) 100vw, 1110px\" \/><\/figure>\n\n\n\n<figure class=\"wp-block-image size-large\"><img loading=\"lazy\" decoding=\"async\" width=\"1024\" height=\"768\" data-id=\"593\" src=\"http:\/\/www.vanstokkum.eu\/wp-content\/uploads\/2019\/09\/IMG_4271.jpg\" alt=\"\" class=\"wp-image-593\" srcset=\"https:\/\/www.vanstokkum.eu\/wp-content\/uploads\/2019\/09\/IMG_4271.jpg 1024w, https:\/\/www.vanstokkum.eu\/wp-content\/uploads\/2019\/09\/IMG_4271-300x225.jpg 300w, https:\/\/www.vanstokkum.eu\/wp-content\/uploads\/2019\/09\/IMG_4271-768x576.jpg 768w, https:\/\/www.vanstokkum.eu\/wp-content\/uploads\/2019\/09\/IMG_4271-640x480.jpg 640w\" sizes=\"auto, (max-width: 1024px) 100vw, 1024px\" \/><\/figure>\n<\/figure>\n\n\n\n<div style=\"height:100px\" aria-hidden=\"true\" id=\"history\" class=\"wp-block-spacer\"><\/div>\n\n\n\n<h2 class=\"has-text-align-center wp-block-heading\">Histoire<\/h2>\n\n\n\n<p class=\"has-text-align-center\">C\u2019est en 1892, que Van Stokkum a d\u00e9but\u00e9 comme atelier de menuiserie et s\u2019est d\u00e9velopp\u00e9 au fil des ans. Aujourd\u2019hui, Van Stokkum est une soci\u00e9t\u00e9 internationale de location de si\u00e8ges flexibles, avec des succursales \u00e0 travers l\u2019Europe, l\u2019Am\u00e9rique et Hong Kong . Elle est dirig\u00e9e par la quatri\u00e8me g\u00e9n\u00e9ration de la famille Van Stokkum, Robert et Carlo. Chaque ann\u00e9e, Van Stokkum est en charge du confort d\u2019assise et la d\u00e9coration de plus de 400 \u00e9v\u00e8nements.<\/p>\n\n\n\n<figure class=\"wp-block-gallery has-nested-images columns-default is-cropped wp-block-gallery-2 is-layout-flex wp-block-gallery-is-layout-flex\">\n<figure class=\"wp-block-image size-large\"><img loading=\"lazy\" decoding=\"async\" width=\"480\" height=\"320\" data-id=\"378\" src=\"http:\/\/www.vanstokkum.eu\/wp-content\/uploads\/2019\/08\/historie-4.jpg\" alt=\"\" class=\"wp-image-378\" srcset=\"https:\/\/www.vanstokkum.eu\/wp-content\/uploads\/2019\/08\/historie-4.jpg 480w, https:\/\/www.vanstokkum.eu\/wp-content\/uploads\/2019\/08\/historie-4-300x200.jpg 300w\" sizes=\"auto, (max-width: 480px) 100vw, 480px\" \/><\/figure>\n\n\n\n<figure class=\"wp-block-image size-large\"><img loading=\"lazy\" decoding=\"async\" width=\"480\" height=\"320\" data-id=\"376\" src=\"http:\/\/www.vanstokkum.eu\/wp-content\/uploads\/2019\/08\/historie-2.jpg\" alt=\"\" class=\"wp-image-376\" srcset=\"https:\/\/www.vanstokkum.eu\/wp-content\/uploads\/2019\/08\/historie-2.jpg 480w, https:\/\/www.vanstokkum.eu\/wp-content\/uploads\/2019\/08\/historie-2-300x200.jpg 300w\" sizes=\"auto, (max-width: 480px) 100vw, 480px\" \/><\/figure>\n\n\n\n<figure class=\"wp-block-image size-large\"><img loading=\"lazy\" decoding=\"async\" width=\"480\" height=\"320\" data-id=\"375\" src=\"http:\/\/www.vanstokkum.eu\/wp-content\/uploads\/2019\/08\/historie-1.jpg\" alt=\"\" class=\"wp-image-375\" srcset=\"https:\/\/www.vanstokkum.eu\/wp-content\/uploads\/2019\/08\/historie-1.jpg 480w, https:\/\/www.vanstokkum.eu\/wp-content\/uploads\/2019\/08\/historie-1-300x200.jpg 300w\" sizes=\"auto, (max-width: 480px) 100vw, 480px\" \/><\/figure>\n\n\n\n<figure class=\"wp-block-image size-large\"><img loading=\"lazy\" decoding=\"async\" width=\"480\" height=\"320\" data-id=\"377\" src=\"http:\/\/www.vanstokkum.eu\/wp-content\/uploads\/2019\/08\/historie-3.jpg\" alt=\"\" class=\"wp-image-377\" srcset=\"https:\/\/www.vanstokkum.eu\/wp-content\/uploads\/2019\/08\/historie-3.jpg 480w, https:\/\/www.vanstokkum.eu\/wp-content\/uploads\/2019\/08\/historie-3-300x200.jpg 300w\" sizes=\"auto, (max-width: 480px) 100vw, 480px\" \/><\/figure>\n<\/figure>\n\n\n\n<div style=\"height:40px\" aria-hidden=\"true\" class=\"wp-block-spacer\"><\/div>\n","protected":false},"excerpt":{"rendered":"<p>\u00c0 propos de nous Van Stokkum litt\u00e9ralement est le support de base pour beaucoup d\u2019\u00e9v\u00e9nements dans le domaine sportif, le domaine culturel, celui de la dance et de la d\u00e9tente, sans oublier les \u00e9missions de t\u00e9l\u00e9, les f\u00eates de personnel et les rassemblements (religieux). Aux Pays-Bas, en Belgique, au Danemark et \u00e0 Monaco nous montons&#8230;<\/p>\n","protected":false},"author":7,"featured_media":77,"parent":0,"menu_order":0,"comment_status":"closed","ping_status":"closed","template":"header-footer-only","meta":{"_acf_changed":false,"footnotes":""},"class_list":["post-285","page","type-page","status-publish","has-post-thumbnail","hentry"],"acf":[],"yoast_head":"<!-- This site is optimized with the Yoast SEO plugin v27.3 - https:\/\/yoast.com\/product\/yoast-seo-wordpress\/ -->\n<title>\u00c0 propos de nous - Van Stokkum<\/title>\n<meta name=\"robots\" content=\"index, follow, max-snippet:-1, max-image-preview:large, max-video-preview:-1\" \/>\n<link rel=\"canonical\" href=\"https:\/\/www.vanstokkum.eu\/fr\/a-propos-de-nous\/\" \/>\n<meta property=\"og:locale\" content=\"fr_FR\" \/>\n<meta property=\"og:type\" content=\"article\" \/>\n<meta property=\"og:title\" content=\"\u00c0 propos de nous - Van Stokkum\" \/>\n<meta property=\"og:description\" content=\"\u00c0 propos de nous Van Stokkum litt\u00e9ralement est le support de base pour beaucoup d\u2019\u00e9v\u00e9nements dans le domaine sportif, le domaine culturel, celui de la dance et de la d\u00e9tente, sans oublier les \u00e9missions de t\u00e9l\u00e9, les f\u00eates de personnel et les rassemblements (religieux). Aux Pays-Bas, en Belgique, au Danemark et \u00e0 Monaco nous montons...\" \/>\n<meta property=\"og:url\" content=\"https:\/\/www.vanstokkum.eu\/fr\/a-propos-de-nous\/\" \/>\n<meta property=\"og:site_name\" content=\"Van Stokkum\" \/>\n<meta property=\"article:publisher\" content=\"https:\/\/www.facebook.com\/VanStokkumSeatings\/\" \/>\n<meta property=\"article:modified_time\" content=\"2022-08-22T14:36:20+00:00\" \/>\n<meta property=\"og:image\" content=\"https:\/\/www.vanstokkum.eu\/wp-content\/uploads\/2017\/11\/Geneve-1024x768.jpg\" \/>\n\t<meta property=\"og:image:width\" content=\"1024\" \/>\n\t<meta property=\"og:image:height\" content=\"768\" \/>\n\t<meta property=\"og:image:type\" content=\"image\/jpeg\" \/>\n<meta name=\"twitter:card\" content=\"summary_large_image\" \/>\n<meta name=\"twitter:label1\" content=\"Dur\u00e9e de lecture estim\u00e9e\" \/>\n\t<meta name=\"twitter:data1\" content=\"1 minute\" \/>\n<script type=\"application\/ld+json\" class=\"yoast-schema-graph\">{\"@context\":\"https:\\\/\\\/schema.org\",\"@graph\":[{\"@type\":\"WebPage\",\"@id\":\"https:\\\/\\\/www.vanstokkum.eu\\\/fr\\\/a-propos-de-nous\\\/\",\"url\":\"https:\\\/\\\/www.vanstokkum.eu\\\/fr\\\/a-propos-de-nous\\\/\",\"name\":\"\u00c0 propos de nous - Van Stokkum\",\"isPartOf\":{\"@id\":\"https:\\\/\\\/www.vanstokkum.eu\\\/#website\"},\"primaryImageOfPage\":{\"@id\":\"https:\\\/\\\/www.vanstokkum.eu\\\/fr\\\/a-propos-de-nous\\\/#primaryimage\"},\"image\":{\"@id\":\"https:\\\/\\\/www.vanstokkum.eu\\\/fr\\\/a-propos-de-nous\\\/#primaryimage\"},\"thumbnailUrl\":\"https:\\\/\\\/www.vanstokkum.eu\\\/wp-content\\\/uploads\\\/2017\\\/11\\\/Geneve.jpg\",\"datePublished\":\"2017-11-07T08:48:11+00:00\",\"dateModified\":\"2022-08-22T14:36:20+00:00\",\"breadcrumb\":{\"@id\":\"https:\\\/\\\/www.vanstokkum.eu\\\/fr\\\/a-propos-de-nous\\\/#breadcrumb\"},\"inLanguage\":\"fr-FR\",\"potentialAction\":[{\"@type\":\"ReadAction\",\"target\":[\"https:\\\/\\\/www.vanstokkum.eu\\\/fr\\\/a-propos-de-nous\\\/\"]}]},{\"@type\":\"ImageObject\",\"inLanguage\":\"fr-FR\",\"@id\":\"https:\\\/\\\/www.vanstokkum.eu\\\/fr\\\/a-propos-de-nous\\\/#primaryimage\",\"url\":\"https:\\\/\\\/www.vanstokkum.eu\\\/wp-content\\\/uploads\\\/2017\\\/11\\\/Geneve.jpg\",\"contentUrl\":\"https:\\\/\\\/www.vanstokkum.eu\\\/wp-content\\\/uploads\\\/2017\\\/11\\\/Geneve.jpg\",\"width\":2400,\"height\":1800},{\"@type\":\"BreadcrumbList\",\"@id\":\"https:\\\/\\\/www.vanstokkum.eu\\\/fr\\\/a-propos-de-nous\\\/#breadcrumb\",\"itemListElement\":[{\"@type\":\"ListItem\",\"position\":1,\"name\":\"Home\",\"item\":\"https:\\\/\\\/www.vanstokkum.eu\\\/fr\\\/home-2\\\/\"},{\"@type\":\"ListItem\",\"position\":2,\"name\":\"\u00c0 propos de nous\"}]},{\"@type\":\"WebSite\",\"@id\":\"https:\\\/\\\/www.vanstokkum.eu\\\/#website\",\"url\":\"https:\\\/\\\/www.vanstokkum.eu\\\/\",\"name\":\"Van Stokkum\",\"description\":\"\",\"publisher\":{\"@id\":\"https:\\\/\\\/www.vanstokkum.eu\\\/#organization\"},\"potentialAction\":[{\"@type\":\"SearchAction\",\"target\":{\"@type\":\"EntryPoint\",\"urlTemplate\":\"https:\\\/\\\/www.vanstokkum.eu\\\/?s={search_term_string}\"},\"query-input\":{\"@type\":\"PropertyValueSpecification\",\"valueRequired\":true,\"valueName\":\"search_term_string\"}}],\"inLanguage\":\"fr-FR\"},{\"@type\":\"Organization\",\"@id\":\"https:\\\/\\\/www.vanstokkum.eu\\\/#organization\",\"name\":\"Van Stokkum Seatings\",\"url\":\"https:\\\/\\\/www.vanstokkum.eu\\\/\",\"logo\":{\"@type\":\"ImageObject\",\"inLanguage\":\"fr-FR\",\"@id\":\"https:\\\/\\\/www.vanstokkum.eu\\\/#\\\/schema\\\/logo\\\/image\\\/\",\"url\":\"https:\\\/\\\/www.vanstokkum.eu\\\/wp-content\\\/uploads\\\/2022\\\/07\\\/logo-no-icons.svg\",\"contentUrl\":\"https:\\\/\\\/www.vanstokkum.eu\\\/wp-content\\\/uploads\\\/2022\\\/07\\\/logo-no-icons.svg\",\"width\":397,\"height\":83,\"caption\":\"Van Stokkum Seatings\"},\"image\":{\"@id\":\"https:\\\/\\\/www.vanstokkum.eu\\\/#\\\/schema\\\/logo\\\/image\\\/\"},\"sameAs\":[\"https:\\\/\\\/www.facebook.com\\\/VanStokkumSeatings\\\/\",\"https:\\\/\\\/nl.linkedin.com\\\/company\\\/van-stokkum-seatings-b.v.\",\"https:\\\/\\\/www.instagram.com\\\/van.stokkum.seatings\\\/\"]}]}<\/script>\n<!-- \/ Yoast SEO plugin. -->","yoast_head_json":{"title":"\u00c0 propos de nous - Van Stokkum","robots":{"index":"index","follow":"follow","max-snippet":"max-snippet:-1","max-image-preview":"max-image-preview:large","max-video-preview":"max-video-preview:-1"},"canonical":"https:\/\/www.vanstokkum.eu\/fr\/a-propos-de-nous\/","og_locale":"fr_FR","og_type":"article","og_title":"\u00c0 propos de nous - Van Stokkum","og_description":"\u00c0 propos de nous Van Stokkum litt\u00e9ralement est le support de base pour beaucoup d\u2019\u00e9v\u00e9nements dans le domaine sportif, le domaine culturel, celui de la dance et de la d\u00e9tente, sans oublier les \u00e9missions de t\u00e9l\u00e9, les f\u00eates de personnel et les rassemblements (religieux). Aux Pays-Bas, en Belgique, au Danemark et \u00e0 Monaco nous montons...","og_url":"https:\/\/www.vanstokkum.eu\/fr\/a-propos-de-nous\/","og_site_name":"Van Stokkum","article_publisher":"https:\/\/www.facebook.com\/VanStokkumSeatings\/","article_modified_time":"2022-08-22T14:36:20+00:00","og_image":[{"width":1024,"height":768,"url":"https:\/\/www.vanstokkum.eu\/wp-content\/uploads\/2017\/11\/Geneve-1024x768.jpg","type":"image\/jpeg"}],"twitter_card":"summary_large_image","twitter_misc":{"Dur\u00e9e de lecture estim\u00e9e":"1 minute"},"schema":{"@context":"https:\/\/schema.org","@graph":[{"@type":"WebPage","@id":"https:\/\/www.vanstokkum.eu\/fr\/a-propos-de-nous\/","url":"https:\/\/www.vanstokkum.eu\/fr\/a-propos-de-nous\/","name":"\u00c0 propos de nous - Van Stokkum","isPartOf":{"@id":"https:\/\/www.vanstokkum.eu\/#website"},"primaryImageOfPage":{"@id":"https:\/\/www.vanstokkum.eu\/fr\/a-propos-de-nous\/#primaryimage"},"image":{"@id":"https:\/\/www.vanstokkum.eu\/fr\/a-propos-de-nous\/#primaryimage"},"thumbnailUrl":"https:\/\/www.vanstokkum.eu\/wp-content\/uploads\/2017\/11\/Geneve.jpg","datePublished":"2017-11-07T08:48:11+00:00","dateModified":"2022-08-22T14:36:20+00:00","breadcrumb":{"@id":"https:\/\/www.vanstokkum.eu\/fr\/a-propos-de-nous\/#breadcrumb"},"inLanguage":"fr-FR","potentialAction":[{"@type":"ReadAction","target":["https:\/\/www.vanstokkum.eu\/fr\/a-propos-de-nous\/"]}]},{"@type":"ImageObject","inLanguage":"fr-FR","@id":"https:\/\/www.vanstokkum.eu\/fr\/a-propos-de-nous\/#primaryimage","url":"https:\/\/www.vanstokkum.eu\/wp-content\/uploads\/2017\/11\/Geneve.jpg","contentUrl":"https:\/\/www.vanstokkum.eu\/wp-content\/uploads\/2017\/11\/Geneve.jpg","width":2400,"height":1800},{"@type":"BreadcrumbList","@id":"https:\/\/www.vanstokkum.eu\/fr\/a-propos-de-nous\/#breadcrumb","itemListElement":[{"@type":"ListItem","position":1,"name":"Home","item":"https:\/\/www.vanstokkum.eu\/fr\/home-2\/"},{"@type":"ListItem","position":2,"name":"\u00c0 propos de nous"}]},{"@type":"WebSite","@id":"https:\/\/www.vanstokkum.eu\/#website","url":"https:\/\/www.vanstokkum.eu\/","name":"Van Stokkum","description":"","publisher":{"@id":"https:\/\/www.vanstokkum.eu\/#organization"},"potentialAction":[{"@type":"SearchAction","target":{"@type":"EntryPoint","urlTemplate":"https:\/\/www.vanstokkum.eu\/?s={search_term_string}"},"query-input":{"@type":"PropertyValueSpecification","valueRequired":true,"valueName":"search_term_string"}}],"inLanguage":"fr-FR"},{"@type":"Organization","@id":"https:\/\/www.vanstokkum.eu\/#organization","name":"Van Stokkum Seatings","url":"https:\/\/www.vanstokkum.eu\/","logo":{"@type":"ImageObject","inLanguage":"fr-FR","@id":"https:\/\/www.vanstokkum.eu\/#\/schema\/logo\/image\/","url":"https:\/\/www.vanstokkum.eu\/wp-content\/uploads\/2022\/07\/logo-no-icons.svg","contentUrl":"https:\/\/www.vanstokkum.eu\/wp-content\/uploads\/2022\/07\/logo-no-icons.svg","width":397,"height":83,"caption":"Van Stokkum Seatings"},"image":{"@id":"https:\/\/www.vanstokkum.eu\/#\/schema\/logo\/image\/"},"sameAs":["https:\/\/www.facebook.com\/VanStokkumSeatings\/","https:\/\/nl.linkedin.com\/company\/van-stokkum-seatings-b.v.","https:\/\/www.instagram.com\/van.stokkum.seatings\/"]}]}},"_links":{"self":[{"href":"https:\/\/www.vanstokkum.eu\/fr\/wp-json\/wp\/v2\/pages\/285","targetHints":{"allow":["GET"]}}],"collection":[{"href":"https:\/\/www.vanstokkum.eu\/fr\/wp-json\/wp\/v2\/pages"}],"about":[{"href":"https:\/\/www.vanstokkum.eu\/fr\/wp-json\/wp\/v2\/types\/page"}],"author":[{"embeddable":true,"href":"https:\/\/www.vanstokkum.eu\/fr\/wp-json\/wp\/v2\/users\/7"}],"replies":[{"embeddable":true,"href":"https:\/\/www.vanstokkum.eu\/fr\/wp-json\/wp\/v2\/comments?post=285"}],"version-history":[{"count":9,"href":"https:\/\/www.vanstokkum.eu\/fr\/wp-json\/wp\/v2\/pages\/285\/revisions"}],"predecessor-version":[{"id":1832,"href":"https:\/\/www.vanstokkum.eu\/fr\/wp-json\/wp\/v2\/pages\/285\/revisions\/1832"}],"wp:featuredmedia":[{"embeddable":true,"href":"https:\/\/www.vanstokkum.eu\/fr\/wp-json\/wp\/v2\/media\/77"}],"wp:attachment":[{"href":"https:\/\/www.vanstokkum.eu\/fr\/wp-json\/wp\/v2\/media?parent=285"}],"curies":[{"name":"wp","href":"https:\/\/api.w.org\/{rel}","templated":true}]}}