{"id":1855,"date":"2022-08-23T08:07:55","date_gmt":"2022-08-23T08:07:55","guid":{"rendered":"http:\/\/van-stokkum.local\/produktauswahl\/"},"modified":"2022-08-31T10:50:11","modified_gmt":"2022-08-31T10:50:11","slug":"produktauswahl","status":"publish","type":"page","link":"https:\/\/www.vanstokkum.eu\/de\/produktauswahl\/","title":{"rendered":"Produktauswahl"},"content":{"rendered":"\n<h1 class=\"has-text-align-center wp-block-heading\">Produktauswahl<\/h1>\n\n\n\n<div class=\"wp-block-media-text alignwide is-stacked-on-mobile\"><figure class=\"wp-block-media-text__media\"><img loading=\"lazy\" decoding=\"async\" width=\"1024\" height=\"768\" src=\"http:\/\/www.vanstokkum.eu\/wp-content\/uploads\/2019\/08\/Knokke-1024x768.jpg\" alt=\"\" class=\"wp-image-899 size-full\" srcset=\"https:\/\/www.vanstokkum.eu\/wp-content\/uploads\/2019\/08\/Knokke-1024x768.jpg 1024w, https:\/\/www.vanstokkum.eu\/wp-content\/uploads\/2019\/08\/Knokke-300x225.jpg 300w, https:\/\/www.vanstokkum.eu\/wp-content\/uploads\/2019\/08\/Knokke-768x576.jpg 768w, https:\/\/www.vanstokkum.eu\/wp-content\/uploads\/2019\/08\/Knokke-640x480.jpg 640w, https:\/\/www.vanstokkum.eu\/wp-content\/uploads\/2019\/08\/Knokke-1200x900.jpg 1200w, https:\/\/www.vanstokkum.eu\/wp-content\/uploads\/2019\/08\/Knokke-1920x1440.jpg 1920w\" sizes=\"auto, (max-width: 1024px) 100vw, 1024px\" \/><\/figure><div class=\"wp-block-media-text__content\">\n<h4 class=\"is-style-prepend-logo wp-block-heading\">Trib\u00fcnen<\/h4>\n\n\n\n<p class=\"has-secondary-color has-text-color\">Dank unserer langj\u00e4hrigen Erfahrung k\u00f6nnen wir Ihre Veranstaltung \u201eund Ihre Besucher\u201c auf ein h\u00f6heres Niveau heben.<\/p>\n<\/div><\/div>\n\n\n\n<div class=\"wp-block-media-text alignwide has-media-on-the-right is-stacked-on-mobile\"><figure class=\"wp-block-media-text__media\"><img loading=\"lazy\" decoding=\"async\" width=\"1024\" height=\"683\" src=\"http:\/\/www.vanstokkum.eu\/wp-content\/uploads\/2018\/09\/St.-Tropez-1-1024x683.jpg\" alt=\"\" class=\"wp-image-836 size-full\" srcset=\"https:\/\/www.vanstokkum.eu\/wp-content\/uploads\/2018\/09\/St.-Tropez-1-1024x683.jpg 1024w, https:\/\/www.vanstokkum.eu\/wp-content\/uploads\/2018\/09\/St.-Tropez-1-300x200.jpg 300w, https:\/\/www.vanstokkum.eu\/wp-content\/uploads\/2018\/09\/St.-Tropez-1-768x512.jpg 768w, https:\/\/www.vanstokkum.eu\/wp-content\/uploads\/2018\/09\/St.-Tropez-1-640x427.jpg 640w, https:\/\/www.vanstokkum.eu\/wp-content\/uploads\/2018\/09\/St.-Tropez-1-1200x800.jpg 1200w, https:\/\/www.vanstokkum.eu\/wp-content\/uploads\/2018\/09\/St.-Tropez-1-1920x1280.jpg 1920w\" sizes=\"auto, (max-width: 1024px) 100vw, 1024px\" \/><\/figure><div class=\"wp-block-media-text__content\">\n<h4 class=\"is-style-prepend-logo wp-block-heading\">Loges<\/h4>\n\n\n\n<p class=\"has-secondary-color has-text-color\">Sie m\u00f6chten sich mit Ihrer Veranstaltung von anderen abheben? F\u00fcgen Sie dann ein Protokoll hinzu.<\/p>\n<\/div><\/div>\n\n\n\n<div class=\"wp-block-media-text alignwide is-stacked-on-mobile\"><figure class=\"wp-block-media-text__media\"><img loading=\"lazy\" decoding=\"async\" width=\"960\" height=\"640\" src=\"http:\/\/www.vanstokkum.eu\/wp-content\/uploads\/2017\/12\/10613113_10152701954792437_5076618062859246518_n.jpg\" alt=\"\" class=\"wp-image-830 size-full\" srcset=\"https:\/\/www.vanstokkum.eu\/wp-content\/uploads\/2017\/12\/10613113_10152701954792437_5076618062859246518_n.jpg 960w, https:\/\/www.vanstokkum.eu\/wp-content\/uploads\/2017\/12\/10613113_10152701954792437_5076618062859246518_n-300x200.jpg 300w, https:\/\/www.vanstokkum.eu\/wp-content\/uploads\/2017\/12\/10613113_10152701954792437_5076618062859246518_n-768x512.jpg 768w, https:\/\/www.vanstokkum.eu\/wp-content\/uploads\/2017\/12\/10613113_10152701954792437_5076618062859246518_n-640x427.jpg 640w\" sizes=\"auto, (max-width: 960px) 100vw, 960px\" \/><\/figure><div class=\"wp-block-media-text__content\">\n<h4 class=\"is-style-prepend-logo wp-block-heading\">Podien<\/h4>\n\n\n\n<p class=\"has-secondary-color has-text-color\">Suchen Sie nach einer B\u00fchne, um ein einzigartiges Erlebnis zu schaffen?<\/p>\n<\/div><\/div>\n\n\n\n<div class=\"wp-block-media-text alignwide has-media-on-the-right is-stacked-on-mobile\"><figure class=\"wp-block-media-text__media\"><img loading=\"lazy\" decoding=\"async\" width=\"1024\" height=\"768\" src=\"http:\/\/www.vanstokkum.eu\/wp-content\/uploads\/2018\/09\/Breda-1024x768.jpg\" alt=\"\" class=\"wp-image-842 size-full\" srcset=\"https:\/\/www.vanstokkum.eu\/wp-content\/uploads\/2018\/09\/Breda-1024x768.jpg 1024w, https:\/\/www.vanstokkum.eu\/wp-content\/uploads\/2018\/09\/Breda-300x225.jpg 300w, https:\/\/www.vanstokkum.eu\/wp-content\/uploads\/2018\/09\/Breda-768x576.jpg 768w, https:\/\/www.vanstokkum.eu\/wp-content\/uploads\/2018\/09\/Breda-640x480.jpg 640w, https:\/\/www.vanstokkum.eu\/wp-content\/uploads\/2018\/09\/Breda-1200x900.jpg 1200w, https:\/\/www.vanstokkum.eu\/wp-content\/uploads\/2018\/09\/Breda-1920x1440.jpg 1920w\" sizes=\"auto, (max-width: 1024px) 100vw, 1024px\" \/><\/figure><div class=\"wp-block-media-text__content\">\n<h4 class=\"is-style-prepend-logo wp-block-heading\">\u00dcberdachungen<\/h4>\n\n\n\n<p class=\"has-secondary-color has-text-color\">Sie m\u00f6chten sich mit Ihrer Veranstaltung von anderen abheben? F\u00fcgen Sie dann ein Protokoll hinzu.<\/p>\n<\/div><\/div>\n\n\n\n<div class=\"wp-block-media-text alignwide is-stacked-on-mobile\"><figure class=\"wp-block-media-text__media\"><img loading=\"lazy\" decoding=\"async\" width=\"1024\" height=\"768\" src=\"http:\/\/www.vanstokkum.eu\/wp-content\/uploads\/2019\/08\/Los-Angeles-3-1024x768.jpg\" alt=\"\" class=\"wp-image-881 size-full\" srcset=\"https:\/\/www.vanstokkum.eu\/wp-content\/uploads\/2019\/08\/Los-Angeles-3-1024x768.jpg 1024w, https:\/\/www.vanstokkum.eu\/wp-content\/uploads\/2019\/08\/Los-Angeles-3-300x225.jpg 300w, https:\/\/www.vanstokkum.eu\/wp-content\/uploads\/2019\/08\/Los-Angeles-3-768x576.jpg 768w, https:\/\/www.vanstokkum.eu\/wp-content\/uploads\/2019\/08\/Los-Angeles-3-640x480.jpg 640w, https:\/\/www.vanstokkum.eu\/wp-content\/uploads\/2019\/08\/Los-Angeles-3-1200x900.jpg 1200w, https:\/\/www.vanstokkum.eu\/wp-content\/uploads\/2019\/08\/Los-Angeles-3-1920x1440.jpg 1920w\" sizes=\"auto, (max-width: 1024px) 100vw, 1024px\" \/><\/figure><div class=\"wp-block-media-text__content\">\n<h4 class=\"is-style-prepend-logo wp-block-heading\">M\u00f6bel<\/h4>\n\n\n\n<p class=\"has-secondary-color has-text-color\">Menschen zusammenzubringen war noch nie so einfach!<\/p>\n<\/div><\/div>\n\n\n\n<div class=\"wp-block-media-text alignwide has-media-on-the-right is-stacked-on-mobile\"><figure class=\"wp-block-media-text__media\"><img decoding=\"async\" src=\"http:\/\/www.vanstokkum.eu\/wp-content\/uploads\/2019\/09\/M217-B.jpg\" alt=\"\" class=\"wp-image-754 size-full\"\/><\/figure><div class=\"wp-block-media-text__content\">\n<h4 class=\"is-style-prepend-logo wp-block-heading\">Sonstiges<\/h4>\n\n\n\n<p class=\"has-secondary-color has-text-color\">Alles, was Sie brauchen, um Ihre Veranstaltung zu einem unvergesslichen Erlebnis zu machen.<\/p>\n<\/div><\/div>\n","protected":false},"excerpt":{"rendered":"<p>Produktauswahl Trib\u00fcnen Dank unserer langj\u00e4hrigen Erfahrung k\u00f6nnen wir Ihre Veranstaltung \u201eund Ihre Besucher\u201c auf ein h\u00f6heres Niveau heben. Loges Sie m\u00f6chten sich mit Ihrer Veranstaltung von anderen abheben? F\u00fcgen Sie dann ein Protokoll hinzu. Podien Suchen Sie nach einer B\u00fchne, um ein einzigartiges Erlebnis zu schaffen? \u00dcberdachungen Sie m\u00f6chten sich mit Ihrer Veranstaltung von anderen&#8230;<\/p>\n","protected":false},"author":7,"featured_media":0,"parent":0,"menu_order":0,"comment_status":"closed","ping_status":"closed","template":"header-footer-only","meta":{"_acf_changed":false,"footnotes":""},"class_list":["post-1855","page","type-page","status-publish","hentry","no-post-thumbnail"],"acf":[],"yoast_head":"<!-- This site is optimized with the Yoast SEO plugin v27.3 - https:\/\/yoast.com\/product\/yoast-seo-wordpress\/ -->\n<title>Produktauswahl - Van Stokkum<\/title>\n<meta name=\"robots\" content=\"index, follow, max-snippet:-1, max-image-preview:large, max-video-preview:-1\" \/>\n<link rel=\"canonical\" href=\"https:\/\/www.vanstokkum.eu\/de\/produktauswahl\/\" \/>\n<meta property=\"og:locale\" content=\"de_DE\" \/>\n<meta property=\"og:type\" content=\"article\" \/>\n<meta property=\"og:title\" content=\"Produktauswahl - Van Stokkum\" \/>\n<meta property=\"og:description\" content=\"Produktauswahl Trib\u00fcnen Dank unserer langj\u00e4hrigen Erfahrung k\u00f6nnen wir Ihre Veranstaltung \u201eund Ihre Besucher\u201c auf ein h\u00f6heres Niveau heben. Loges Sie m\u00f6chten sich mit Ihrer Veranstaltung von anderen abheben? F\u00fcgen Sie dann ein Protokoll hinzu. Podien Suchen Sie nach einer B\u00fchne, um ein einzigartiges Erlebnis zu schaffen? \u00dcberdachungen Sie m\u00f6chten sich mit Ihrer Veranstaltung von anderen...\" \/>\n<meta property=\"og:url\" content=\"https:\/\/www.vanstokkum.eu\/de\/produktauswahl\/\" \/>\n<meta property=\"og:site_name\" content=\"Van Stokkum\" \/>\n<meta property=\"article:publisher\" content=\"https:\/\/www.facebook.com\/VanStokkumSeatings\/\" \/>\n<meta property=\"article:modified_time\" content=\"2022-08-31T10:50:11+00:00\" \/>\n<meta property=\"og:image\" content=\"http:\/\/www.vanstokkum.eu\/wp-content\/uploads\/2019\/08\/Knokke-1024x768.jpg\" \/>\n<meta name=\"twitter:card\" content=\"summary_large_image\" \/>\n<script type=\"application\/ld+json\" class=\"yoast-schema-graph\">{\"@context\":\"https:\\\/\\\/schema.org\",\"@graph\":[{\"@type\":\"WebPage\",\"@id\":\"https:\\\/\\\/www.vanstokkum.eu\\\/de\\\/produktauswahl\\\/\",\"url\":\"https:\\\/\\\/www.vanstokkum.eu\\\/de\\\/produktauswahl\\\/\",\"name\":\"Produktauswahl - Van Stokkum\",\"isPartOf\":{\"@id\":\"https:\\\/\\\/www.vanstokkum.eu\\\/#website\"},\"primaryImageOfPage\":{\"@id\":\"https:\\\/\\\/www.vanstokkum.eu\\\/de\\\/produktauswahl\\\/#primaryimage\"},\"image\":{\"@id\":\"https:\\\/\\\/www.vanstokkum.eu\\\/de\\\/produktauswahl\\\/#primaryimage\"},\"thumbnailUrl\":\"http:\\\/\\\/www.vanstokkum.eu\\\/wp-content\\\/uploads\\\/2019\\\/08\\\/Knokke-1024x768.jpg\",\"datePublished\":\"2022-08-23T08:07:55+00:00\",\"dateModified\":\"2022-08-31T10:50:11+00:00\",\"breadcrumb\":{\"@id\":\"https:\\\/\\\/www.vanstokkum.eu\\\/de\\\/produktauswahl\\\/#breadcrumb\"},\"inLanguage\":\"de\",\"potentialAction\":[{\"@type\":\"ReadAction\",\"target\":[\"https:\\\/\\\/www.vanstokkum.eu\\\/de\\\/produktauswahl\\\/\"]}]},{\"@type\":\"ImageObject\",\"inLanguage\":\"de\",\"@id\":\"https:\\\/\\\/www.vanstokkum.eu\\\/de\\\/produktauswahl\\\/#primaryimage\",\"url\":\"http:\\\/\\\/www.vanstokkum.eu\\\/wp-content\\\/uploads\\\/2019\\\/08\\\/Knokke-1024x768.jpg\",\"contentUrl\":\"http:\\\/\\\/www.vanstokkum.eu\\\/wp-content\\\/uploads\\\/2019\\\/08\\\/Knokke-1024x768.jpg\"},{\"@type\":\"BreadcrumbList\",\"@id\":\"https:\\\/\\\/www.vanstokkum.eu\\\/de\\\/produktauswahl\\\/#breadcrumb\",\"itemListElement\":[{\"@type\":\"ListItem\",\"position\":1,\"name\":\"Home\",\"item\":\"https:\\\/\\\/www.vanstokkum.eu\\\/de\\\/home-2\\\/\"},{\"@type\":\"ListItem\",\"position\":2,\"name\":\"Produktauswahl\"}]},{\"@type\":\"WebSite\",\"@id\":\"https:\\\/\\\/www.vanstokkum.eu\\\/#website\",\"url\":\"https:\\\/\\\/www.vanstokkum.eu\\\/\",\"name\":\"Van Stokkum\",\"description\":\"\",\"publisher\":{\"@id\":\"https:\\\/\\\/www.vanstokkum.eu\\\/#organization\"},\"potentialAction\":[{\"@type\":\"SearchAction\",\"target\":{\"@type\":\"EntryPoint\",\"urlTemplate\":\"https:\\\/\\\/www.vanstokkum.eu\\\/?s={search_term_string}\"},\"query-input\":{\"@type\":\"PropertyValueSpecification\",\"valueRequired\":true,\"valueName\":\"search_term_string\"}}],\"inLanguage\":\"de\"},{\"@type\":\"Organization\",\"@id\":\"https:\\\/\\\/www.vanstokkum.eu\\\/#organization\",\"name\":\"Van Stokkum Seatings\",\"url\":\"https:\\\/\\\/www.vanstokkum.eu\\\/\",\"logo\":{\"@type\":\"ImageObject\",\"inLanguage\":\"de\",\"@id\":\"https:\\\/\\\/www.vanstokkum.eu\\\/#\\\/schema\\\/logo\\\/image\\\/\",\"url\":\"https:\\\/\\\/www.vanstokkum.eu\\\/wp-content\\\/uploads\\\/2022\\\/07\\\/logo-no-icons.svg\",\"contentUrl\":\"https:\\\/\\\/www.vanstokkum.eu\\\/wp-content\\\/uploads\\\/2022\\\/07\\\/logo-no-icons.svg\",\"width\":397,\"height\":83,\"caption\":\"Van Stokkum Seatings\"},\"image\":{\"@id\":\"https:\\\/\\\/www.vanstokkum.eu\\\/#\\\/schema\\\/logo\\\/image\\\/\"},\"sameAs\":[\"https:\\\/\\\/www.facebook.com\\\/VanStokkumSeatings\\\/\",\"https:\\\/\\\/nl.linkedin.com\\\/company\\\/van-stokkum-seatings-b.v.\",\"https:\\\/\\\/www.instagram.com\\\/van.stokkum.seatings\\\/\"]}]}<\/script>\n<!-- \/ Yoast SEO plugin. -->","yoast_head_json":{"title":"Produktauswahl - Van Stokkum","robots":{"index":"index","follow":"follow","max-snippet":"max-snippet:-1","max-image-preview":"max-image-preview:large","max-video-preview":"max-video-preview:-1"},"canonical":"https:\/\/www.vanstokkum.eu\/de\/produktauswahl\/","og_locale":"de_DE","og_type":"article","og_title":"Produktauswahl - Van Stokkum","og_description":"Produktauswahl Trib\u00fcnen Dank unserer langj\u00e4hrigen Erfahrung k\u00f6nnen wir Ihre Veranstaltung \u201eund Ihre Besucher\u201c auf ein h\u00f6heres Niveau heben. Loges Sie m\u00f6chten sich mit Ihrer Veranstaltung von anderen abheben? F\u00fcgen Sie dann ein Protokoll hinzu. Podien Suchen Sie nach einer B\u00fchne, um ein einzigartiges Erlebnis zu schaffen? \u00dcberdachungen Sie m\u00f6chten sich mit Ihrer Veranstaltung von anderen...","og_url":"https:\/\/www.vanstokkum.eu\/de\/produktauswahl\/","og_site_name":"Van Stokkum","article_publisher":"https:\/\/www.facebook.com\/VanStokkumSeatings\/","article_modified_time":"2022-08-31T10:50:11+00:00","og_image":[{"url":"http:\/\/www.vanstokkum.eu\/wp-content\/uploads\/2019\/08\/Knokke-1024x768.jpg","type":"","width":"","height":""}],"twitter_card":"summary_large_image","schema":{"@context":"https:\/\/schema.org","@graph":[{"@type":"WebPage","@id":"https:\/\/www.vanstokkum.eu\/de\/produktauswahl\/","url":"https:\/\/www.vanstokkum.eu\/de\/produktauswahl\/","name":"Produktauswahl - Van Stokkum","isPartOf":{"@id":"https:\/\/www.vanstokkum.eu\/#website"},"primaryImageOfPage":{"@id":"https:\/\/www.vanstokkum.eu\/de\/produktauswahl\/#primaryimage"},"image":{"@id":"https:\/\/www.vanstokkum.eu\/de\/produktauswahl\/#primaryimage"},"thumbnailUrl":"http:\/\/www.vanstokkum.eu\/wp-content\/uploads\/2019\/08\/Knokke-1024x768.jpg","datePublished":"2022-08-23T08:07:55+00:00","dateModified":"2022-08-31T10:50:11+00:00","breadcrumb":{"@id":"https:\/\/www.vanstokkum.eu\/de\/produktauswahl\/#breadcrumb"},"inLanguage":"de","potentialAction":[{"@type":"ReadAction","target":["https:\/\/www.vanstokkum.eu\/de\/produktauswahl\/"]}]},{"@type":"ImageObject","inLanguage":"de","@id":"https:\/\/www.vanstokkum.eu\/de\/produktauswahl\/#primaryimage","url":"http:\/\/www.vanstokkum.eu\/wp-content\/uploads\/2019\/08\/Knokke-1024x768.jpg","contentUrl":"http:\/\/www.vanstokkum.eu\/wp-content\/uploads\/2019\/08\/Knokke-1024x768.jpg"},{"@type":"BreadcrumbList","@id":"https:\/\/www.vanstokkum.eu\/de\/produktauswahl\/#breadcrumb","itemListElement":[{"@type":"ListItem","position":1,"name":"Home","item":"https:\/\/www.vanstokkum.eu\/de\/home-2\/"},{"@type":"ListItem","position":2,"name":"Produktauswahl"}]},{"@type":"WebSite","@id":"https:\/\/www.vanstokkum.eu\/#website","url":"https:\/\/www.vanstokkum.eu\/","name":"Van Stokkum","description":"","publisher":{"@id":"https:\/\/www.vanstokkum.eu\/#organization"},"potentialAction":[{"@type":"SearchAction","target":{"@type":"EntryPoint","urlTemplate":"https:\/\/www.vanstokkum.eu\/?s={search_term_string}"},"query-input":{"@type":"PropertyValueSpecification","valueRequired":true,"valueName":"search_term_string"}}],"inLanguage":"de"},{"@type":"Organization","@id":"https:\/\/www.vanstokkum.eu\/#organization","name":"Van Stokkum Seatings","url":"https:\/\/www.vanstokkum.eu\/","logo":{"@type":"ImageObject","inLanguage":"de","@id":"https:\/\/www.vanstokkum.eu\/#\/schema\/logo\/image\/","url":"https:\/\/www.vanstokkum.eu\/wp-content\/uploads\/2022\/07\/logo-no-icons.svg","contentUrl":"https:\/\/www.vanstokkum.eu\/wp-content\/uploads\/2022\/07\/logo-no-icons.svg","width":397,"height":83,"caption":"Van Stokkum Seatings"},"image":{"@id":"https:\/\/www.vanstokkum.eu\/#\/schema\/logo\/image\/"},"sameAs":["https:\/\/www.facebook.com\/VanStokkumSeatings\/","https:\/\/nl.linkedin.com\/company\/van-stokkum-seatings-b.v.","https:\/\/www.instagram.com\/van.stokkum.seatings\/"]}]}},"_links":{"self":[{"href":"https:\/\/www.vanstokkum.eu\/de\/wp-json\/wp\/v2\/pages\/1855","targetHints":{"allow":["GET"]}}],"collection":[{"href":"https:\/\/www.vanstokkum.eu\/de\/wp-json\/wp\/v2\/pages"}],"about":[{"href":"https:\/\/www.vanstokkum.eu\/de\/wp-json\/wp\/v2\/types\/page"}],"author":[{"embeddable":true,"href":"https:\/\/www.vanstokkum.eu\/de\/wp-json\/wp\/v2\/users\/7"}],"replies":[{"embeddable":true,"href":"https:\/\/www.vanstokkum.eu\/de\/wp-json\/wp\/v2\/comments?post=1855"}],"version-history":[{"count":1,"href":"https:\/\/www.vanstokkum.eu\/de\/wp-json\/wp\/v2\/pages\/1855\/revisions"}],"predecessor-version":[{"id":3677,"href":"https:\/\/www.vanstokkum.eu\/de\/wp-json\/wp\/v2\/pages\/1855\/revisions\/3677"}],"wp:attachment":[{"href":"https:\/\/www.vanstokkum.eu\/de\/wp-json\/wp\/v2\/media?parent=1855"}],"curies":[{"name":"wp","href":"https:\/\/api.w.org\/{rel}","templated":true}]}}